{"id":1919,"date":"2023-08-22T09:02:49","date_gmt":"2023-08-22T09:02:49","guid":{"rendered":"https:\/\/tilesxport.com\/privacy-policy\/"},"modified":"2024-02-01T01:50:27","modified_gmt":"2024-02-01T01:50:27","slug":"privacy-policy","status":"publish","type":"page","link":"https:\/\/tilesxport.com\/ro\/privacy-policy\/","title":{"rendered":"Privacy Policy"},"content":{"rendered":"\n<h2 class=\"wp-block-heading\">Cine suntem<\/h2>\n\n\n\n<p><strong class=\"privacy-policy-tutorial\">Text sugerat: <\/strong>Adresa site-ului nostru web este: https:\/\/tilesxport.com<\/p>\n\n\n\n<h2 class=\"wp-block-heading\">Comentarii<\/h2>\n\n\n\n<p><strong class=\"privacy-policy-tutorial\">Text sugerat: <\/strong>C\u00e2nd vizitatorii las\u0103 comentarii pe site, colect\u0103m datele afi\u0219ate \u00een formularul de comentarii, precum \u0219i adresa IP a vizitatorului \u0219i \u0219irul agentului utilizator al browserului pentru a ajuta la detectarea spamului.<\/p>\n\n\n\n<p>Un \u0219ir anonimizat creat din adresa dvs. de email (numit \u0219i hash) poate fi furnizat serviciului Gravatar pentru a vedea dac\u0103 \u00eel utiliza\u021bi. Politica de confiden\u021bialitate a serviciului Gravatar este disponibil\u0103 aici: https:\/\/automattic.com\/privacy\/. Dup\u0103 aprobarea comentariului dvs., fotografia profilului dvs. este vizibil\u0103 publicului \u00een contextul comentariului dvs.<\/p>\n\n\n\n<h2 class=\"wp-block-heading\">Media<\/h2>\n\n\n\n<p><strong class=\"privacy-policy-tutorial\">Text sugerat: <\/strong>Dac\u0103 \u00eenc\u0103rca\u021bi imagini pe site, ar trebui s\u0103 evita\u021bi \u00eenc\u0103rcarea imaginilor cu date de localizare \u00eencorporate (EXIF GPS). Vizitatorii site-ului pot desc\u0103rca \u0219i extrage orice date de localizare din imagini de pe site.<\/p>\n\n\n\n<h2 class=\"wp-block-heading\">Cookie-uri<\/h2>\n\n\n\n<p><strong class=\"privacy-policy-tutorial\">Text sugerat: <\/strong>Dac\u0103 l\u0103sa\u021bi un comentariu pe site-ul nostru, pute\u021bi opta pentru salvarea numelui, adresei de email \u0219i site-ului dvs. \u00een cookie-uri. Acestea sunt pentru confortul dvs., astfel \u00eenc\u00e2t s\u0103 nu mai trebuiasc\u0103 s\u0103 completa\u021bi din nou detaliile dvs. atunci c\u00e2nd l\u0103sa\u021bi alt comentariu. Aceste cookie-uri vor dura un an.<\/p>\n\n\n\n<p>Dac\u0103 vizita\u021bi pagina noastr\u0103 de conectare, vom seta un cookie temporar pentru a determina dac\u0103 browserul dvs. accept\u0103 cookie-uri. Acest cookie nu con\u021bine date personale \u0219i este eliminat c\u00e2nd \u00eenchide\u021bi browserul.<\/p>\n\n\n\n<p>C\u00e2nd v\u0103 conecta\u021bi, vom configura \u0219i c\u00e2teva cookie-uri pentru a v\u0103 salva informa\u021biile de conectare \u0219i op\u021biunile afi\u0219ajului ecranului dvs. Cookie-urile de conectare dureaz\u0103 dou\u0103 zile, iar cookie-urile de op\u021biuni afi\u0219aj dureaz\u0103 un an. Dac\u0103 selecta\u021bi &#8222;\u021aine-m\u0103 minte&#8221;, conectarea dvs. va persista timp de dou\u0103 s\u0103pt\u0103m\u00e2ni. Dac\u0103 v\u0103 deconecta\u021bi de la contul dvs., cookie-urile de conectare vor fi eliminate.<\/p>\n\n\n\n<p>Dac\u0103 edita\u021bi sau publica\u021bi un articol, \u00een browserul dvs. va fi salvat, de asemenea, un cookie suplimentar. Acest cookie nu con\u021bine date personale \u0219i indic\u0103 doar ID-ul articolului pe care l-a\u021bi editat recent. Acesta expir\u0103 dup\u0103 o zi.<\/p>\n\n\n\n<h2 class=\"wp-block-heading\">Con\u021binut \u00eencorporat de pe alte site-uri web<\/h2>\n\n\n\n<p><strong class=\"privacy-policy-tutorial\">Text sugerat: <\/strong>Articolele de pe acest site pot include con\u021binut \u00eencorporat (de exemplu, videoclipuri, imagini, articole, etc.). Con\u021binutul \u00eencorporat de pe alte site-uri web se comport\u0103 exact la fel ca \u0219i cum vizitatorul ar fi vizitat site-ul respectiv.<\/p>\n\n\n\n<p>Aceste site-uri web pot colecta date despre dvs., pot utiliza cookie-uri, pot \u00eencorpora urm\u0103rirea ter\u021bilor adi\u021bionali \u0219i pot monitoriza interac\u021biunea dvs. cu acel con\u021binut \u00eencorporat, inclusiv urm\u0103rirea interac\u021biunii dvs. cu con\u021binutul \u00eencorporat dac\u0103 ave\u021bi un cont \u0219i sunte\u021bi conectat la acel site web.<\/p>\n\n\n\n<h2 class=\"wp-block-heading\">Cu cine \u00eemp\u0103rt\u0103\u0219im datele dvs.<\/h2>\n\n\n\n<p><strong class=\"privacy-policy-tutorial\">Text sugerat: <\/strong>Dac\u0103 solicita\u021bi o resetare a parolei, adresa dvs. IP va fi inclus\u0103 \u00een email-ul de resetare.<\/p>\n\n\n\n<h2 class=\"wp-block-heading\">C\u00e2t timp p\u0103str\u0103m datele dvs.<\/h2>\n\n\n\n<p><strong class=\"privacy-policy-tutorial\">Text sugerat: <\/strong>Dac\u0103 l\u0103sa\u021bi un comentariu, comentariul \u0219i metadatele acestuia sunt p\u0103strate pe termen nelimitat. Acest lucru se face pentru a putea recunoa\u0219te \u0219i aproba automat orice comentarii ulterioare \u00een loc s\u0103 le \u021binem \u00eentr-o coad\u0103 de moderare.<\/p>\n\n\n\n<p>Pentru utilizatorii care se \u00eenregistreaz\u0103 pe site-ul nostru (dac\u0103 exist\u0103), stoc\u0103m \u0219i informa\u021biile personale pe care le furnizeaz\u0103 \u00een profilul lor de utilizator. To\u021bi utilizatorii pot vedea, edita sau \u0219terge informa\u021biile personale \u00een orice moment (cu excep\u021bia faptului c\u0103 nu pot schimba numele de utilizator). Administratorii site-ului pot vedea \u0219i edita, de asemenea, aceste informa\u021bii.<\/p>\n\n\n\n<h2 class=\"wp-block-heading\">Ce drepturi ave\u021bi asupra datelor dvs.<\/h2>\n\n\n\n<p><strong class=\"privacy-policy-tutorial\">Text sugerat: <\/strong>Dac\u0103 ave\u021bi un cont pe acest site sau a\u021bi l\u0103sat comentarii, pute\u021bi solicita s\u0103 primi\u021bi un fi\u0219ier exportat al datelor personale pe care le de\u021binem despre dvs., inclusiv orice date pe care ni le-a\u021bi furnizat. De asemenea, pute\u021bi solicita s\u0103 \u0219tergem orice date personale pe care le de\u021binem despre dvs. Acest lucru nu include datele pe care suntem obliga\u021bi s\u0103 le p\u0103str\u0103m \u00een scopuri administrative, legale sau de securitate.<\/p>\n\n\n\n<h2 class=\"wp-block-heading\">Unde se trimit datele dvs.<\/h2>\n\n\n\n<p><strong class=\"privacy-policy-tutorial\">Text sugerat: <\/strong>Comentariile vizitatorilor pot fi verificate printr-un serviciu automatizat de detectare a spamului.<\/p>\n","protected":false},"excerpt":{"rendered":"<p>Cine suntem Text sugerat: Adresa site-ului nostru web este: https:\/\/tilesxport.com Comentarii Text sugerat: C\u00e2nd vizitatorii las\u0103 comentarii pe site, colect\u0103m datele afi\u0219ate \u00een formularul de comentarii, precum \u0219i adresa IP a vizitatorului \u0219i \u0219irul agentului utilizator al browserului pentru a ajuta la detectarea spamului. Un \u0219ir anonimizat creat din adresa dvs. de email (numit \u0219i [&hellip;]<\/p>\n","protected":false},"author":1,"featured_media":0,"parent":0,"menu_order":0,"comment_status":"closed","ping_status":"closed","template":"","meta":{"footnotes":""},"class_list":["post-1919","page","type-page","status-publish","hentry"],"yoast_head":"<!-- This site is optimized with the Yoast SEO plugin v26.7 - https:\/\/yoast.com\/wordpress\/plugins\/seo\/ -->\n<title>Privacy Policy - TilesXport.com<\/title>\n<meta name=\"robots\" content=\"noindex, follow\" \/>\n<meta property=\"og:locale\" content=\"ro_RO\" \/>\n<meta property=\"og:type\" content=\"article\" \/>\n<meta property=\"og:title\" content=\"Privacy Policy - TilesXport.com\" \/>\n<meta property=\"og:description\" content=\"Cine suntem Text sugerat: Adresa site-ului nostru web este: https:\/\/tilesxport.com Comentarii Text sugerat: C\u00e2nd vizitatorii las\u0103 comentarii pe site, colect\u0103m datele afi\u0219ate \u00een formularul de comentarii, precum \u0219i adresa IP a vizitatorului \u0219i \u0219irul agentului utilizator al browserului pentru a ajuta la detectarea spamului. Un \u0219ir anonimizat creat din adresa dvs. de email (numit \u0219i [&hellip;]\" \/>\n<meta property=\"og:url\" content=\"https:\/\/tilesxport.com\/ro\/privacy-policy\/\" \/>\n<meta property=\"og:site_name\" content=\"TilesXport.com\" \/>\n<meta property=\"article:publisher\" content=\"https:\/\/www.facebook.com\/tilesxport\" \/>\n<meta property=\"article:modified_time\" content=\"2024-02-01T01:50:27+00:00\" \/>\n<meta name=\"twitter:card\" content=\"summary_large_image\" \/>\n<meta name=\"twitter:label1\" content=\"Timp estimat pentru citire\" \/>\n\t<meta name=\"twitter:data1\" content=\"3 minute\" \/>\n<script type=\"application\/ld+json\" class=\"yoast-schema-graph\">{\"@context\":\"https:\/\/schema.org\",\"@graph\":[{\"@type\":\"WebPage\",\"@id\":\"https:\/\/tilesxport.com\/ro\/privacy-policy\/\",\"url\":\"https:\/\/tilesxport.com\/ro\/privacy-policy\/\",\"name\":\"Privacy Policy - TilesXport.com\",\"isPartOf\":{\"@id\":\"https:\/\/tilesxport.com\/ro\/#website\"},\"datePublished\":\"2023-08-22T09:02:49+00:00\",\"dateModified\":\"2024-02-01T01:50:27+00:00\",\"breadcrumb\":{\"@id\":\"https:\/\/tilesxport.com\/ro\/privacy-policy\/#breadcrumb\"},\"inLanguage\":\"ro-RO\",\"potentialAction\":[{\"@type\":\"ReadAction\",\"target\":[\"https:\/\/tilesxport.com\/ro\/privacy-policy\/\"]}]},{\"@type\":\"BreadcrumbList\",\"@id\":\"https:\/\/tilesxport.com\/ro\/privacy-policy\/#breadcrumb\",\"itemListElement\":[{\"@type\":\"ListItem\",\"position\":1,\"name\":\"Home\",\"item\":\"https:\/\/tilesxport.com\/ro\/\"},{\"@type\":\"ListItem\",\"position\":2,\"name\":\"Privacy Policy\"}]},{\"@type\":\"WebSite\",\"@id\":\"https:\/\/tilesxport.com\/ro\/#website\",\"url\":\"https:\/\/tilesxport.com\/ro\/\",\"name\":\"TilesXport.com\",\"description\":\"Quality Italian Tiles\",\"publisher\":{\"@id\":\"https:\/\/tilesxport.com\/ro\/#organization\"},\"potentialAction\":[{\"@type\":\"SearchAction\",\"target\":{\"@type\":\"EntryPoint\",\"urlTemplate\":\"https:\/\/tilesxport.com\/ro\/?s={search_term_string}\"},\"query-input\":{\"@type\":\"PropertyValueSpecification\",\"valueRequired\":true,\"valueName\":\"search_term_string\"}}],\"inLanguage\":\"ro-RO\"},{\"@type\":\"Organization\",\"@id\":\"https:\/\/tilesxport.com\/ro\/#organization\",\"name\":\"TilesXport.com\",\"url\":\"https:\/\/tilesxport.com\/ro\/\",\"logo\":{\"@type\":\"ImageObject\",\"inLanguage\":\"ro-RO\",\"@id\":\"https:\/\/tilesxport.com\/ro\/#\/schema\/logo\/image\/\",\"url\":\"https:\/\/tilesxport.com\/wp-content\/uploads\/2020\/01\/Logo.png\",\"contentUrl\":\"https:\/\/tilesxport.com\/wp-content\/uploads\/2020\/01\/Logo.png\",\"width\":6000,\"height\":1808,\"caption\":\"TilesXport.com\"},\"image\":{\"@id\":\"https:\/\/tilesxport.com\/ro\/#\/schema\/logo\/image\/\"},\"sameAs\":[\"https:\/\/www.facebook.com\/tilesxport\"]}]}<\/script>\n<!-- \/ Yoast SEO plugin. -->","yoast_head_json":{"title":"Privacy Policy - TilesXport.com","robots":{"index":"noindex","follow":"follow"},"og_locale":"ro_RO","og_type":"article","og_title":"Privacy Policy - TilesXport.com","og_description":"Cine suntem Text sugerat: Adresa site-ului nostru web este: https:\/\/tilesxport.com Comentarii Text sugerat: C\u00e2nd vizitatorii las\u0103 comentarii pe site, colect\u0103m datele afi\u0219ate \u00een formularul de comentarii, precum \u0219i adresa IP a vizitatorului \u0219i \u0219irul agentului utilizator al browserului pentru a ajuta la detectarea spamului. Un \u0219ir anonimizat creat din adresa dvs. de email (numit \u0219i [&hellip;]","og_url":"https:\/\/tilesxport.com\/ro\/privacy-policy\/","og_site_name":"TilesXport.com","article_publisher":"https:\/\/www.facebook.com\/tilesxport","article_modified_time":"2024-02-01T01:50:27+00:00","twitter_card":"summary_large_image","twitter_misc":{"Timp estimat pentru citire":"3 minute"},"schema":{"@context":"https:\/\/schema.org","@graph":[{"@type":"WebPage","@id":"https:\/\/tilesxport.com\/ro\/privacy-policy\/","url":"https:\/\/tilesxport.com\/ro\/privacy-policy\/","name":"Privacy Policy - TilesXport.com","isPartOf":{"@id":"https:\/\/tilesxport.com\/ro\/#website"},"datePublished":"2023-08-22T09:02:49+00:00","dateModified":"2024-02-01T01:50:27+00:00","breadcrumb":{"@id":"https:\/\/tilesxport.com\/ro\/privacy-policy\/#breadcrumb"},"inLanguage":"ro-RO","potentialAction":[{"@type":"ReadAction","target":["https:\/\/tilesxport.com\/ro\/privacy-policy\/"]}]},{"@type":"BreadcrumbList","@id":"https:\/\/tilesxport.com\/ro\/privacy-policy\/#breadcrumb","itemListElement":[{"@type":"ListItem","position":1,"name":"Home","item":"https:\/\/tilesxport.com\/ro\/"},{"@type":"ListItem","position":2,"name":"Privacy Policy"}]},{"@type":"WebSite","@id":"https:\/\/tilesxport.com\/ro\/#website","url":"https:\/\/tilesxport.com\/ro\/","name":"TilesXport.com","description":"Quality Italian Tiles","publisher":{"@id":"https:\/\/tilesxport.com\/ro\/#organization"},"potentialAction":[{"@type":"SearchAction","target":{"@type":"EntryPoint","urlTemplate":"https:\/\/tilesxport.com\/ro\/?s={search_term_string}"},"query-input":{"@type":"PropertyValueSpecification","valueRequired":true,"valueName":"search_term_string"}}],"inLanguage":"ro-RO"},{"@type":"Organization","@id":"https:\/\/tilesxport.com\/ro\/#organization","name":"TilesXport.com","url":"https:\/\/tilesxport.com\/ro\/","logo":{"@type":"ImageObject","inLanguage":"ro-RO","@id":"https:\/\/tilesxport.com\/ro\/#\/schema\/logo\/image\/","url":"https:\/\/tilesxport.com\/wp-content\/uploads\/2020\/01\/Logo.png","contentUrl":"https:\/\/tilesxport.com\/wp-content\/uploads\/2020\/01\/Logo.png","width":6000,"height":1808,"caption":"TilesXport.com"},"image":{"@id":"https:\/\/tilesxport.com\/ro\/#\/schema\/logo\/image\/"},"sameAs":["https:\/\/www.facebook.com\/tilesxport"]}]}},"_links":{"self":[{"href":"https:\/\/tilesxport.com\/ro\/wp-json\/wp\/v2\/pages\/1919","targetHints":{"allow":["GET"]}}],"collection":[{"href":"https:\/\/tilesxport.com\/ro\/wp-json\/wp\/v2\/pages"}],"about":[{"href":"https:\/\/tilesxport.com\/ro\/wp-json\/wp\/v2\/types\/page"}],"author":[{"embeddable":true,"href":"https:\/\/tilesxport.com\/ro\/wp-json\/wp\/v2\/users\/1"}],"replies":[{"embeddable":true,"href":"https:\/\/tilesxport.com\/ro\/wp-json\/wp\/v2\/comments?post=1919"}],"version-history":[{"count":2,"href":"https:\/\/tilesxport.com\/ro\/wp-json\/wp\/v2\/pages\/1919\/revisions"}],"predecessor-version":[{"id":1930,"href":"https:\/\/tilesxport.com\/ro\/wp-json\/wp\/v2\/pages\/1919\/revisions\/1930"}],"wp:attachment":[{"href":"https:\/\/tilesxport.com\/ro\/wp-json\/wp\/v2\/media?parent=1919"}],"curies":[{"name":"wp","href":"https:\/\/api.w.org\/{rel}","templated":true}]}}