{"id":1846,"date":"2023-08-22T09:02:49","date_gmt":"2023-08-22T09:02:49","guid":{"rendered":"https:\/\/tilesxport.com\/privacy-policy\/"},"modified":"2024-02-01T01:50:27","modified_gmt":"2024-02-01T01:50:27","slug":"privacy-policy","status":"publish","type":"page","link":"https:\/\/tilesxport.com\/pl\/privacy-policy\/","title":{"rendered":"Privacy Policy"},"content":{"rendered":"\n<h2 class=\"wp-block-heading\">Kim jeste\u015bmy<\/h2>\n\n\n\n<p><strong class=\"privacy-policy-tutorial\">Sugerowany tekst:<\/strong> Nasz adres internetowy to: https:\/\/tilesxport.com.<\/p>\n\n\n\n<h2 class=\"wp-block-heading\">Komentarze<\/h2>\n\n\n\n<p><strong class=\"privacy-policy-tutorial\">Sugerowany tekst:<\/strong> Gdy odwiedzaj\u0105cy pozostawiaj\u0105 komentarze na stronie, zbieramy dane widoczne w formularzu komentarzy, a tak\u017ce adres IP odwiedzaj\u0105cego i \u0142a\u0144cuch identyfikuj\u0105cy przegl\u0105darki, aby pom\u00f3c w wykrywaniu spamu.<\/p>\n\n\n\n<p>Anonimowy ci\u0105g utworzony na podstawie twojego adresu e-mail (nazywany r\u00f3wnie\u017c haszem) mo\u017ce by\u0107 przekazywany do us\u0142ugi Gravatar, aby sprawdzi\u0107, czy jej u\u017cywasz. Polityka prywatno\u015bci us\u0142ugi Gravatar jest dost\u0119pna tutaj: https:\/\/automattic.com\/privacy\/. Po zatwierdzeniu twojego komentarza twoje zdj\u0119cie profilowe jest widoczne publicznie w kontek\u015bcie twojego komentarza.<\/p>\n\n\n\n<h2 class=\"wp-block-heading\">Media<\/h2>\n\n\n\n<p><strong class=\"privacy-policy-tutorial\">Sugerowany tekst:<\/strong> Je\u015bli przesy\u0142asz obrazy na stron\u0119 internetow\u0105, powiniene\u015b unika\u0107 przesy\u0142ania obraz\u00f3w z wbudowanymi danymi lokalizacyjnymi (EXIF GPS). Odwiedzaj\u0105cy stron\u0119 internetow\u0105 mog\u0105 pobiera\u0107 i wyci\u0105ga\u0107 dane lokalizacyjne z obraz\u00f3w zamieszczonych na stronie internetowej.<\/p>\n\n\n\n<h2 class=\"wp-block-heading\">Ciasteczka<\/h2>\n\n\n\n<p><strong class=\"privacy-policy-tutorial\">Sugerowany tekst:<\/strong> Je\u015bli zostawisz komentarz na naszej stronie, mo\u017cesz wyrazi\u0107 zgod\u0119 na zapisywanie swojej nazwy, adresu e-mail i witryny internetowej w ciasteczkach. S\u0105 one dla twojej wygody, dzi\u0119ki czemu nie musisz ponownie wpisywa\u0107 swoich danych, gdy zostawiasz kolejny komentarz. Te ciasteczka b\u0119d\u0105 przechowywane przez rok.<\/p>\n\n\n\n<p>Je\u015bli odwiedzisz nasz\u0105 stron\u0119 logowania, ustawimy tymczasowe ciasteczko, aby okre\u015bli\u0107, czy twoja przegl\u0105darka akceptuje ciasteczka. To ciasteczko nie zawiera danych osobowych i zostanie usuni\u0119te po zamkni\u0119ciu przegl\u0105darki.<\/p>\n\n\n\n<p>Podczas logowania ustawimy tak\u017ce kilka ciasteczek, aby zapisa\u0107 twoje informacje logowania i wybory dotycz\u0105ce wy\u015bwietlania ekranu. Ciasteczka logowania s\u0105 wa\u017cne przez dwa dni, a ciasteczka opcji ekranu s\u0105 wa\u017cne przez rok. Je\u015bli wybierzesz opcj\u0119 &#8222;Pami\u0119taj mnie&#8221;, twoje logowanie b\u0119dzie aktywne przez dwa tygodnie. Wylogowuj\u0105c si\u0119 z konta, ciasteczka logowania zostan\u0105 usuni\u0105\u0107.<\/p>\n\n\n\n<p>Je\u015bli edytujesz lub publikujesz artyku\u0142, zostanie zapisane dodatkowe ciasteczko w twojej przegl\u0105darce. To ciasteczko nie zawiera danych osobowych i po prostu wskazuje identyfikator posta artyku\u0142u, kt\u00f3ry w\u0142a\u015bnie edytowa\u0142e\u015b. Wygasa po 1 dniu.<\/p>\n\n\n\n<h2 class=\"wp-block-heading\">Osadzone tre\u015bci z innych witryn<\/h2>\n\n\n\n<p><strong class=\"privacy-policy-tutorial\">Sugerowany tekst:<\/strong> Artyku\u0142y na tej stronie mog\u0105 zawiera\u0107 osadzone tre\u015bci (np. filmy, obrazy, artyku\u0142y itp.). Osadzone tre\u015bci z innych witryn zachowuj\u0105 si\u0119 w dok\u0142adnie taki sam spos\u00f3b, jakby odwiedzaj\u0105cy odwiedzili inn\u0105 witryn\u0119.<\/p>\n\n\n\n<p>Te witryny mog\u0105 zbiera\u0107 o tobie dane, u\u017cywa\u0107 ciasteczek, osadza\u0107 dodatkowe \u015bledzenie os\u00f3b trzecich i monitorowa\u0107 interakcj\u0119 z osadzonymi tre\u015bciami, w\u0142\u0105czaj\u0105c w to \u015bledzenie twojej interakcji z osadzonymi tre\u015bciami, je\u015bli masz konto i jeste\u015b zalogowany na tej stronie.<\/p>\n\n\n\n<h2 class=\"wp-block-heading\">Z kim dzielimy twoje dane<\/h2>\n\n\n\n<p><strong class=\"privacy-policy-tutorial\">Sugerowany tekst:<\/strong> Je\u015bli \u017c\u0105dasz resetowania has\u0142a, tw\u00f3j adres IP zostanie do\u0142\u0105czony do e-maila resetuj\u0105cego.<\/p>\n\n\n\n<h2 class=\"wp-block-heading\">Jak d\u0142ugo przechowujemy twoje dane<\/h2>\n\n\n\n<p><strong class=\"privacy-policy-tutorial\">Sugerowany tekst:<\/strong> Je\u015bli zostawisz komentarz, komentarz i jego metadane b\u0119d\u0105 przechowywane na sta\u0142e. Ma to na celu automatyczne rozpoznawanie i zatwierdzanie wszelkich kolejnych komentarzy, zamiast trzymania ich w kolejce moderacyjnej.<\/p>\n\n\n\n<p>Dla u\u017cytkownik\u00f3w, kt\u00f3rzy zarejestrowali si\u0119 na naszej stronie internetowej (je\u015bli tacy s\u0105), przechowujemy tak\u017ce informacje osobiste, kt\u00f3re podali w swoim profilu u\u017cytkownika. Wszyscy u\u017cytkownicy mog\u0105 w dowol\n","protected":false},"excerpt":{"rendered":"<p>Kim jeste\u015bmy Sugerowany tekst: Nasz adres internetowy to: https:\/\/tilesxport.com. Komentarze Sugerowany tekst: Gdy odwiedzaj\u0105cy pozostawiaj\u0105 komentarze na stronie, zbieramy dane widoczne w formularzu komentarzy, a tak\u017ce adres IP odwiedzaj\u0105cego i \u0142a\u0144cuch identyfikuj\u0105cy przegl\u0105darki, aby pom\u00f3c w wykrywaniu spamu. Anonimowy ci\u0105g utworzony na podstawie twojego adresu e-mail (nazywany r\u00f3wnie\u017c haszem) mo\u017ce by\u0107 przekazywany do us\u0142ugi Gravatar, [&hellip;]<\/p>\n","protected":false},"author":1,"featured_media":0,"parent":0,"menu_order":0,"comment_status":"closed","ping_status":"closed","template":"","meta":{"footnotes":""},"class_list":["post-1846","page","type-page","status-publish","hentry"],"yoast_head":"<!-- This site is optimized with the Yoast SEO plugin v26.7 - https:\/\/yoast.com\/wordpress\/plugins\/seo\/ -->\n<title>Privacy Policy - TilesXport.com<\/title>\n<meta name=\"robots\" content=\"noindex, follow\" \/>\n<meta property=\"og:locale\" content=\"pl_PL\" \/>\n<meta property=\"og:type\" content=\"article\" \/>\n<meta property=\"og:title\" content=\"Privacy Policy - TilesXport.com\" \/>\n<meta property=\"og:description\" content=\"Kim jeste\u015bmy Sugerowany tekst: Nasz adres internetowy to: https:\/\/tilesxport.com. Komentarze Sugerowany tekst: Gdy odwiedzaj\u0105cy pozostawiaj\u0105 komentarze na stronie, zbieramy dane widoczne w formularzu komentarzy, a tak\u017ce adres IP odwiedzaj\u0105cego i \u0142a\u0144cuch identyfikuj\u0105cy przegl\u0105darki, aby pom\u00f3c w wykrywaniu spamu. Anonimowy ci\u0105g utworzony na podstawie twojego adresu e-mail (nazywany r\u00f3wnie\u017c haszem) mo\u017ce by\u0107 przekazywany do us\u0142ugi Gravatar, [&hellip;]\" \/>\n<meta property=\"og:url\" content=\"https:\/\/tilesxport.com\/pl\/privacy-policy\/\" \/>\n<meta property=\"og:site_name\" content=\"TilesXport.com\" \/>\n<meta property=\"article:publisher\" content=\"https:\/\/www.facebook.com\/tilesxport\" \/>\n<meta property=\"article:modified_time\" content=\"2024-02-01T01:50:27+00:00\" \/>\n<meta name=\"twitter:card\" content=\"summary_large_image\" \/>\n<meta name=\"twitter:label1\" content=\"Szacowany czas czytania\" \/>\n\t<meta name=\"twitter:data1\" content=\"2 minuty\" \/>\n<script type=\"application\/ld+json\" class=\"yoast-schema-graph\">{\"@context\":\"https:\/\/schema.org\",\"@graph\":[{\"@type\":\"WebPage\",\"@id\":\"https:\/\/tilesxport.com\/pl\/privacy-policy\/\",\"url\":\"https:\/\/tilesxport.com\/pl\/privacy-policy\/\",\"name\":\"Privacy Policy - TilesXport.com\",\"isPartOf\":{\"@id\":\"https:\/\/tilesxport.com\/pl\/#website\"},\"datePublished\":\"2023-08-22T09:02:49+00:00\",\"dateModified\":\"2024-02-01T01:50:27+00:00\",\"breadcrumb\":{\"@id\":\"https:\/\/tilesxport.com\/pl\/privacy-policy\/#breadcrumb\"},\"inLanguage\":\"pl-PL\",\"potentialAction\":[{\"@type\":\"ReadAction\",\"target\":[\"https:\/\/tilesxport.com\/pl\/privacy-policy\/\"]}]},{\"@type\":\"BreadcrumbList\",\"@id\":\"https:\/\/tilesxport.com\/pl\/privacy-policy\/#breadcrumb\",\"itemListElement\":[{\"@type\":\"ListItem\",\"position\":1,\"name\":\"Home\",\"item\":\"https:\/\/tilesxport.com\/pl\/\"},{\"@type\":\"ListItem\",\"position\":2,\"name\":\"Privacy Policy\"}]},{\"@type\":\"WebSite\",\"@id\":\"https:\/\/tilesxport.com\/pl\/#website\",\"url\":\"https:\/\/tilesxport.com\/pl\/\",\"name\":\"TilesXport.com\",\"description\":\"Quality Italian Tiles\",\"publisher\":{\"@id\":\"https:\/\/tilesxport.com\/pl\/#organization\"},\"potentialAction\":[{\"@type\":\"SearchAction\",\"target\":{\"@type\":\"EntryPoint\",\"urlTemplate\":\"https:\/\/tilesxport.com\/pl\/?s={search_term_string}\"},\"query-input\":{\"@type\":\"PropertyValueSpecification\",\"valueRequired\":true,\"valueName\":\"search_term_string\"}}],\"inLanguage\":\"pl-PL\"},{\"@type\":\"Organization\",\"@id\":\"https:\/\/tilesxport.com\/pl\/#organization\",\"name\":\"TilesXport.com\",\"url\":\"https:\/\/tilesxport.com\/pl\/\",\"logo\":{\"@type\":\"ImageObject\",\"inLanguage\":\"pl-PL\",\"@id\":\"https:\/\/tilesxport.com\/pl\/#\/schema\/logo\/image\/\",\"url\":\"https:\/\/tilesxport.com\/wp-content\/uploads\/2020\/01\/Logo.png\",\"contentUrl\":\"https:\/\/tilesxport.com\/wp-content\/uploads\/2020\/01\/Logo.png\",\"width\":6000,\"height\":1808,\"caption\":\"TilesXport.com\"},\"image\":{\"@id\":\"https:\/\/tilesxport.com\/pl\/#\/schema\/logo\/image\/\"},\"sameAs\":[\"https:\/\/www.facebook.com\/tilesxport\"]}]}<\/script>\n<!-- \/ Yoast SEO plugin. -->","yoast_head_json":{"title":"Privacy Policy - TilesXport.com","robots":{"index":"noindex","follow":"follow"},"og_locale":"pl_PL","og_type":"article","og_title":"Privacy Policy - TilesXport.com","og_description":"Kim jeste\u015bmy Sugerowany tekst: Nasz adres internetowy to: https:\/\/tilesxport.com. Komentarze Sugerowany tekst: Gdy odwiedzaj\u0105cy pozostawiaj\u0105 komentarze na stronie, zbieramy dane widoczne w formularzu komentarzy, a tak\u017ce adres IP odwiedzaj\u0105cego i \u0142a\u0144cuch identyfikuj\u0105cy przegl\u0105darki, aby pom\u00f3c w wykrywaniu spamu. Anonimowy ci\u0105g utworzony na podstawie twojego adresu e-mail (nazywany r\u00f3wnie\u017c haszem) mo\u017ce by\u0107 przekazywany do us\u0142ugi Gravatar, [&hellip;]","og_url":"https:\/\/tilesxport.com\/pl\/privacy-policy\/","og_site_name":"TilesXport.com","article_publisher":"https:\/\/www.facebook.com\/tilesxport","article_modified_time":"2024-02-01T01:50:27+00:00","twitter_card":"summary_large_image","twitter_misc":{"Szacowany czas czytania":"2 minuty"},"schema":{"@context":"https:\/\/schema.org","@graph":[{"@type":"WebPage","@id":"https:\/\/tilesxport.com\/pl\/privacy-policy\/","url":"https:\/\/tilesxport.com\/pl\/privacy-policy\/","name":"Privacy Policy - TilesXport.com","isPartOf":{"@id":"https:\/\/tilesxport.com\/pl\/#website"},"datePublished":"2023-08-22T09:02:49+00:00","dateModified":"2024-02-01T01:50:27+00:00","breadcrumb":{"@id":"https:\/\/tilesxport.com\/pl\/privacy-policy\/#breadcrumb"},"inLanguage":"pl-PL","potentialAction":[{"@type":"ReadAction","target":["https:\/\/tilesxport.com\/pl\/privacy-policy\/"]}]},{"@type":"BreadcrumbList","@id":"https:\/\/tilesxport.com\/pl\/privacy-policy\/#breadcrumb","itemListElement":[{"@type":"ListItem","position":1,"name":"Home","item":"https:\/\/tilesxport.com\/pl\/"},{"@type":"ListItem","position":2,"name":"Privacy Policy"}]},{"@type":"WebSite","@id":"https:\/\/tilesxport.com\/pl\/#website","url":"https:\/\/tilesxport.com\/pl\/","name":"TilesXport.com","description":"Quality Italian Tiles","publisher":{"@id":"https:\/\/tilesxport.com\/pl\/#organization"},"potentialAction":[{"@type":"SearchAction","target":{"@type":"EntryPoint","urlTemplate":"https:\/\/tilesxport.com\/pl\/?s={search_term_string}"},"query-input":{"@type":"PropertyValueSpecification","valueRequired":true,"valueName":"search_term_string"}}],"inLanguage":"pl-PL"},{"@type":"Organization","@id":"https:\/\/tilesxport.com\/pl\/#organization","name":"TilesXport.com","url":"https:\/\/tilesxport.com\/pl\/","logo":{"@type":"ImageObject","inLanguage":"pl-PL","@id":"https:\/\/tilesxport.com\/pl\/#\/schema\/logo\/image\/","url":"https:\/\/tilesxport.com\/wp-content\/uploads\/2020\/01\/Logo.png","contentUrl":"https:\/\/tilesxport.com\/wp-content\/uploads\/2020\/01\/Logo.png","width":6000,"height":1808,"caption":"TilesXport.com"},"image":{"@id":"https:\/\/tilesxport.com\/pl\/#\/schema\/logo\/image\/"},"sameAs":["https:\/\/www.facebook.com\/tilesxport"]}]}},"_links":{"self":[{"href":"https:\/\/tilesxport.com\/pl\/wp-json\/wp\/v2\/pages\/1846","targetHints":{"allow":["GET"]}}],"collection":[{"href":"https:\/\/tilesxport.com\/pl\/wp-json\/wp\/v2\/pages"}],"about":[{"href":"https:\/\/tilesxport.com\/pl\/wp-json\/wp\/v2\/types\/page"}],"author":[{"embeddable":true,"href":"https:\/\/tilesxport.com\/pl\/wp-json\/wp\/v2\/users\/1"}],"replies":[{"embeddable":true,"href":"https:\/\/tilesxport.com\/pl\/wp-json\/wp\/v2\/comments?post=1846"}],"version-history":[{"count":2,"href":"https:\/\/tilesxport.com\/pl\/wp-json\/wp\/v2\/pages\/1846\/revisions"}],"predecessor-version":[{"id":3511,"href":"https:\/\/tilesxport.com\/pl\/wp-json\/wp\/v2\/pages\/1846\/revisions\/3511"}],"wp:attachment":[{"href":"https:\/\/tilesxport.com\/pl\/wp-json\/wp\/v2\/media?parent=1846"}],"curies":[{"name":"wp","href":"https:\/\/api.w.org\/{rel}","templated":true}]}}